{"id":3,"date":"2024-12-12T16:14:13","date_gmt":"2024-12-12T16:14:13","guid":{"rendered":"http:\/\/4tiers.info\/?page_id=3"},"modified":"2024-12-23T16:17:17","modified_gmt":"2024-12-23T16:17:17","slug":"politique-de-confidentialite","status":"publish","type":"page","link":"https:\/\/4tiers.de\/fr\/ueber-uns\/privacy-policy\/","title":{"rendered":"Politique de confidentialit\u00e9"},"content":{"rendered":"<nav aria-label=\"fil d&#039;Ariane\" class=\"rank-math-breadcrumb\"><p><\/p><\/nav>\n\n\n\n<h2 class=\"wp-block-heading\"><strong>D\u00e9claration de protection des donn\u00e9es de 4TIERS GmbH<\/strong><\/h2>\n\n\n\n<h3 class=\"wp-block-heading\"><strong>Personne responsable<\/strong><\/h3>\n\n\n\n<p>4TIERS GmbH<br>Birkenau 3<br>22087 Hambourg<br>E-mail : datenschutz@4tiers.de<\/p>\n\n\n\n<p class=\"translation-block\">Direction : Dr.-Ing. Karim Esfahlani<br> Tribunal d&#039;enregistrement : AG Hamburg HRB 164216<\/p>\n\n\n\n<h3 class=\"wp-block-heading\"><strong>Traitement des donn\u00e9es et finalit\u00e9s<\/strong><\/h3>\n\n\n\n<h4 class=\"wp-block-heading\"><strong>1. Visitez notre site Web<\/strong><\/h4>\n\n\n\n<p>Lorsque vous visitez notre site Web, des informations sont automatiquement envoy\u00e9es \u00e0 notre serveur par le navigateur et temporairement stock\u00e9es dans des fichiers journaux :<\/p>\n\n\n\n<ul class=\"wp-block-list\">\n<li>Adresse IP,<\/li>\n\n\n\n<li>Date et heure d&#039;acc\u00e8s,<\/li>\n\n\n\n<li>Nom et URL du fichier r\u00e9cup\u00e9r\u00e9,<\/li>\n\n\n\n<li>URL de r\u00e9f\u00e9rence,<\/li>\n\n\n\n<li>type\/version du navigateur,<\/li>\n\n\n\n<li>Syst\u00e8me op\u00e9rateur.<\/li>\n<\/ul>\n\n\n\n<p><strong>But:<\/strong><\/p>\n\n\n\n<ul class=\"wp-block-list\">\n<li>Assurer une configuration de connexion fluide,<\/li>\n\n\n\n<li>optimisation de l&#039;utilisation du site Internet,<\/li>\n\n\n\n<li>S\u00e9curit\u00e9 et stabilit\u00e9 du syst\u00e8me,<\/li>\n\n\n\n<li>Fins administratives.<\/li>\n<\/ul>\n\n\n\n<p><strong>Base juridique\u00a0:<\/strong> Article 6, paragraphe 1, lettre f du RGPD (int\u00e9r\u00eat l\u00e9gitime).<\/p>\n\n\n\n<h4 class=\"wp-block-heading\"><strong>2. Candidatures<\/strong><\/h4>\n\n\n\n<p>Nous traitons les donn\u00e9es personnelles des candidatures (par exemple, nom, adresse, qualifications) pour mener \u00e0 bien le processus de candidature. Si vous \u00eates embauch\u00e9, les donn\u00e9es seront transf\u00e9r\u00e9es dans notre dossier personnel.<\/p>\n\n\n\n<p><strong>Base juridique\u00a0:<\/strong> Art. 6, paragraphe 1, lettre b du RGPD, art. V. m. \u00a7 26 BDSG.<\/p>\n\n\n\n<h4 class=\"wp-block-heading\"><strong>3. Contactez-nous<\/strong><\/h4>\n\n\n\n<p>Si vous nous contactez par e-mail ou via formulaire de contact, nous traiterons vos informations pour traiter votre demande.<\/p>\n\n\n\n<p><strong>Base juridique\u00a0:<\/strong> Article 6, paragraphe 1, lettre b du RGPD (ex\u00e9cution du contrat).<\/p>\n\n\n\n<h4 class=\"wp-block-heading\"><strong>4. Gestion du consentement aux cookies<\/strong><\/h4>\n\n\n\n<p class=\"translation-block\">Pour g\u00e9rer les cookies et technologies similaires utilis\u00e9s (pixels de suivi, balises web, etc.) et les consentements associ\u00e9s, nous utilisons l&#039;outil de consentement \u00ab Real Cookie Banner \u00bb. Des d\u00e9tails sur le fonctionnement de la \u00ab Real Cookie Banner \u00bb peuvent \u00eatre trouv\u00e9s sur <a href=\"https:\/\/devowl.io\/de\/rcb\/datenverarbeitung\/\" target=\"_self\">https:\/\/devowl.io\/de\/rcb\/datenverfahren\/<\/a> .<\/p>\n\n\n\n<h4 class=\"wp-block-heading\"><strong>5. Utilisation du plugin \u00ab TranslatePress \u00bb<\/strong><\/h4>\n\n\n\n<p class=\"translation-block\">Nous utilisons le plugin \u00ab TranslatePress \u00bb pour proposer le contenu de notre site Internet en plusieurs langues (anglais et fran\u00e7ais). Ce plugin ne traite aucune donn\u00e9e personnelle de nos utilisateurs, mais est utilis\u00e9 exclusivement pour traduire le contenu. Plus d&#039;informations sur le plugin peuvent \u00eatre trouv\u00e9es sur <a href=\"https:\/\/translatepress.com\/\" target=\"_self\">https:\/\/translatepress.com\/<\/a> .<\/p>\n\n\n\n<h4 class=\"wp-block-heading\"><strong>6. <strong>Utilisation du plugin \u00ab Rank Math SEO \u00bb<\/strong><\/strong><\/h4>\n\n\n\n<p>Nous utilisons le plugin Rank Math SEO pour am\u00e9liorer l\u2019optimisation des moteurs de recherche de notre site Web. Ce plugin ne traite aucune donn\u00e9e personnelle des visiteurs du site Web, mais est utilis\u00e9 exclusivement pour optimiser techniquement le contenu. De plus amples informations sur le plugin peuvent \u00eatre trouv\u00e9es sur <a href=\"https:\/\/rankmath.com\/\" target=\"_blank\" rel=\"noopener\">https:\/\/rankmath.com\/<\/a><br><\/p>\n\n\n\n<h4 class=\"wp-block-heading\"><strong>7. <strong>Utilisation de Google Tag Manager<\/strong><\/strong><\/h4>\n\n\n\n<p>Nous utilisons Google Tag Manager pour g\u00e9rer les balises du site Web via une interface. Google Tag Manager lui-m\u00eame (l&#039;outil qui impl\u00e9mente les balises) ne traite pas les donn\u00e9es personnelles des utilisateurs. Vous pouvez trouver plus d&#039;informations sur Google Tag Manager ici\u00a0: <a>https:\/\/www.google.com\/intl\/de\/tagmanager\/use-policy.html<\/a>.<br><\/p>\n\n\n\n<h3 class=\"wp-block-heading\"><strong>Cookies et outils de suivi<\/strong><\/h3>\n\n\n\n<p>Nous utilisons des cookies pour am\u00e9liorer les fonctionnalit\u00e9s et l&#039;analyse statistique. Les outils de suivi suivants sont utilis\u00e9s\u00a0:<\/p>\n\n\n\n<h4 class=\"wp-block-heading\"><strong>Google\u00a0Analytics<\/strong><\/h4>\n\n\n\n<p>Nous utilisons Google Analytics pour analyser l&#039;utilisation du site Web. Les donn\u00e9es telles que l&#039;adresse IP, l&#039;URL de r\u00e9f\u00e9rence et le comportement d&#039;utilisation sont collect\u00e9es sous un pseudonyme et trait\u00e9es aux \u00c9tats-Unis. Les adresses IP sont anonymis\u00e9es (masquage IP).<\/p>\n\n\n\n<p><strong>Base juridique\u00a0:<\/strong> Article 6, paragraphe 1, lettre f du RGPD.<br><strong>Se d\u00e9sengager:<\/strong> Vous pouvez installer un module compl\u00e9mentaire de navigateur pour le d\u00e9sactiver\u00a0:<a href=\"https:\/\/tools.google.com\/dlpage\/gaoptout?hl=de\" target=\"_blank\" rel=\"noopener\"> D\u00e9sinscription de Google<\/a>.<\/p>\n\n\n\n<h3 class=\"wp-block-heading\"><strong>Droits des personnes concern\u00e9es<\/strong><\/h3>\n\n\n\n<p>Les personnes concern\u00e9es disposent des droits suivants :<\/p>\n\n\n\n<ul class=\"wp-block-list\">\n<li class=\"translation-block\"><strong>Informations<\/strong> sur les donn\u00e9es stock\u00e9es (article 15 RGPD),<\/li>\n\n\n\n<li><strong>Correction<\/strong> donn\u00e9es incorrectes (art. 16 RGPD),<\/li>\n\n\n\n<li><strong>effacement<\/strong> des donn\u00e9es (art. 17 RGPD),<\/li>\n\n\n\n<li><strong>Limitation du traitement<\/strong> (article 18 RGPD),<\/li>\n\n\n\n<li><strong>Portabilit\u00e9 des donn\u00e9es<\/strong> (article 20 RGPD),<\/li>\n\n\n\n<li><strong>contradiction<\/strong> contre le traitement (art. 21 RGPD).<\/li>\n<\/ul>\n\n\n\n<p>Pour exercer vos droits, vous pouvez contacter datenschutz@4tiers.de.<\/p>\n\n\n\n<h3 class=\"wp-block-heading\"><strong>Transfert de donn\u00e9es \u00e0 des tiers<\/strong><\/h3>\n\n\n\n<p>Les donn\u00e9es personnelles ne seront transmises que si :<\/p>\n\n\n\n<ul class=\"wp-block-list\">\n<li>vous avez express\u00e9ment consenti (art. 6, paragraphe 1, lit. a du RGPD),<\/li>\n\n\n\n<li>cela est n\u00e9cessaire \u00e0 l&#039;ex\u00e9cution du contrat (art. 6, paragraphe 1, lit. b du RGPD),<\/li>\n\n\n\n<li>il existe une obligation l\u00e9gale (art. 6, paragraphe 1, lit. c du RGPD),<\/li>\n\n\n\n<li>des int\u00e9r\u00eats l\u00e9gitimes sont poursuivis (art. 6, paragraphe 1, lit. f du RGPD).<\/li>\n<\/ul>\n\n\n\n<p>Les donn\u00e9es ne seront transf\u00e9r\u00e9es vers des pays tiers que s&#039;il existe des garanties appropri\u00e9es (par exemple, clauses contractuelles types de l&#039;UE).<\/p>\n\n\n\n<h3 class=\"wp-block-heading\"><strong>P\u00e9riode de stockage<\/strong><\/h3>\n\n\n\n<ul class=\"wp-block-list\">\n<li><strong>Fichiers journaux\u00a0:<\/strong> Suppression automatique apr\u00e8s 30 jours.<\/li>\n\n\n\n<li><strong>D\u00e9tails de la candidature\u00a0:<\/strong> Conservation pendant 6 mois maximum en cas d&#039;annulation. Des d\u00e9lais de conservation l\u00e9gaux s&#039;appliquent en cas d&#039;interruption.<\/li>\n\n\n\n<li><strong>Cookies:<\/strong> Les cookies de session sont supprim\u00e9s apr\u00e8s la fermeture du navigateur ; cookies persistants apr\u00e8s 12 mois maximum.<\/li>\n<\/ul>\n\n\n\n<h3 class=\"wp-block-heading\"><strong>S\u00e9curit\u00e9 des donn\u00e9es<\/strong><\/h3>\n\n\n\n<p>Nous utilisons le cryptage SSL et des mesures de s\u00e9curit\u00e9 techniques et organisationnelles pour prot\u00e9ger les donn\u00e9es contre tout acc\u00e8s non autoris\u00e9.<\/p>\n\n\n\n<h3 class=\"wp-block-heading\"><strong>Actualit\u00e9<\/strong><\/h3>\n\n\n\n<p>Cette d\u00e9claration de protection des donn\u00e9es est valable \u00e0 partir de d\u00e9cembre 2024. Nous nous r\u00e9servons le droit de l&#039;adapter si n\u00e9cessaire. La version actuelle est disponible sur notre site Web.<\/p>\n\n\n\n<h2 class=\"wp-block-heading\"><strong>Politique de confidentialit\u00e9 de 4TIERS GmbH<\/strong><\/h2>\n\n\n\n<h3 class=\"wp-block-heading\"><strong>Responsables du traitement des donn\u00e9es<\/strong><\/h3>\n\n\n\n<p>4TIERS GmbH<br>Birkenau 3<br>22087 Hambourg<br>E-mail : datenschutz@4tiers.de<\/p>\n\n\n\n<p>Directeur g\u00e9n\u00e9ral : Dr.-Ing. Karim Esfahlani<br>Tribunal d&#039;enregistrement : AG Hamburg HRB 164216<\/p>\n\n\n\n<h3 class=\"wp-block-heading\"><strong>Traitement des donn\u00e9es et finalit\u00e9s<\/strong><\/h3>\n\n\n\n<h4 class=\"wp-block-heading\"><strong>1. Visiter notre site Web<\/strong><\/h4>\n\n\n\n<p>Lorsque vous visitez notre site Internet, des informations sont automatiquement envoy\u00e9es par votre navigateur \u00e0 notre serveur et temporairement stock\u00e9es dans des fichiers journaux :<\/p>\n\n\n\n<ul class=\"wp-block-list\">\n<li>Adresse IP,<\/li>\n\n\n\n<li>Date et heure d&#039;acc\u00e8s,<\/li>\n\n\n\n<li>Nom et URL du fichier consult\u00e9,<\/li>\n\n\n\n<li>URL de r\u00e9f\u00e9rence,<\/li>\n\n\n\n<li>Type\/version du navigateur,<\/li>\n\n\n\n<li>Syst\u00e8me op\u00e9rateur.<\/li>\n<\/ul>\n\n\n\n<p><strong>But:<\/strong><\/p>\n\n\n\n<ul class=\"wp-block-list\">\n<li>Assurer une connexion fluide au site Internet,<\/li>\n\n\n\n<li>Optimiser l&#039;utilisation du site Web,<\/li>\n\n\n\n<li>Assurer la s\u00e9curit\u00e9 et la stabilit\u00e9 du syst\u00e8me,<\/li>\n\n\n\n<li>Fins administratives.<\/li>\n<\/ul>\n\n\n\n<p><strong>Base juridique\u00a0:<\/strong> Article 6, paragraphe 1, point f) du RGPD (int\u00e9r\u00eat l\u00e9gitime).<\/p>\n\n\n\n<h4 class=\"wp-block-heading\"><strong>2. Demandes d&#039;emploi<\/strong><\/h4>\n\n\n\n<p>Nous traitons les donn\u00e9es personnelles des candidatures (par exemple, nom, adresse, qualifications) pour mener \u00e0 bien le processus de candidature. Si un emploi est \u00e9tabli, les donn\u00e9es sont transf\u00e9r\u00e9es dans notre dossier personnel.<\/p>\n\n\n\n<p><strong>Base juridique\u00a0:<\/strong> Article 6, paragraphe 1, point b) du RGPD, article 88 du RGPD en liaison avec l&#039;article 26 du BDSG.<\/p>\n\n\n\n<h4 class=\"wp-block-heading\"><strong>3. Contacter<\/strong><\/h4>\n\n\n\n<p>Si vous nous contactez par e-mail ou via un formulaire de contact, nous traitons les informations que vous fournissez pour traiter votre demande.<\/p>\n\n\n\n<p><strong>Base juridique\u00a0:<\/strong> Article 6, paragraphe 1, point b) du RGPD (ex\u00e9cution du contrat).<\/p>\n\n\n\n<h4 class=\"wp-block-heading\"><strong>4. Gestion du consentement aux cookies<\/strong><\/h4>\n\n\n\n<p>Nous utilisons l&#039;outil de consentement \u00ab Real Cookie Banner \u00bb pour g\u00e9rer l&#039;utilisation des cookies et technologies similaires (pixels de suivi, balises web, etc.) et les consentements associ\u00e9s. Des d\u00e9tails sur la fonctionnalit\u00e9 de \u00ab\u00a0Real Cookie Banner\u00a0\u00bb peuvent \u00eatre trouv\u00e9s sur https:\/\/devowl.io\/en\/rcb\/data-processing\/.<\/p>\n\n\n\n<h4 class=\"wp-block-heading\"><strong>5. Utilisation du plugin \u00ab TranslatePress \u00bb<\/strong><\/h4>\n\n\n\n<p>Nous utilisons le plugin \u00ab TranslatePress \u00bb pour proposer le contenu de notre site Internet en plusieurs langues (anglais et fran\u00e7ais). Ce plugin ne traite aucune donn\u00e9e personnelle de nos utilisateurs mais est uniquement utilis\u00e9 pour traduire le contenu. Pour plus d&#039;informations sur le plugin, visitez<a href=\"https:\/\/translatepress.com\/\" target=\"_blank\" rel=\"noopener\"> https:\/\/translatepress.com\/<\/a>.<\/p>\n\n\n\n<h4 class=\"wp-block-heading\"><strong>6. Utilisation du plugin \u00ab Rank Math SEO \u00bb<\/strong><\/h4>\n\n\n\n<p>Nous utilisons le plugin \u00ab Rank Math SEO \u00bb pour am\u00e9liorer l\u2019optimisation des moteurs de recherche de notre site Web. Ce plugin ne traite aucune donn\u00e9e personnelle des visiteurs du site mais est utilis\u00e9 uniquement \u00e0 des fins d&#039;optimisation technique du contenu. Pour plus d&#039;informations sur le plugin, visitez <a href=\"https:\/\/rankmath.com\/\" target=\"_blank\" rel=\"noopener\">https:\/\/rankmath.com\/<\/a>.<\/p>\n\n\n\n<h4 class=\"wp-block-heading\"><strong>7. Utilisation de \u00ab Google Tag Manager \u00bb<\/strong><\/h4>\n\n\n\n<p>Nous utilisons Google Tag Manager pour g\u00e9rer les balises de sites Web via une interface. Google Tag Manager lui-m\u00eame (l&#039;outil qui impl\u00e9mente les balises) ne traite aucune donn\u00e9e personnelle des utilisateurs. De plus amples informations sur Google Tag Manager peuvent \u00eatre trouv\u00e9es ici\u00a0: <a>https:\/\/www.google.com\/intl\/en\/tagmanager\/use-policy.html<\/a>.<\/p>\n\n\n\n<h3 class=\"wp-block-heading\"><strong>Cookies et outils de suivi<\/strong><\/h3>\n\n\n\n<p>Nous utilisons des cookies pour am\u00e9liorer les fonctionnalit\u00e9s et effectuer des analyses statistiques. Les outils de suivi suivants sont mis en \u0153uvre\u00a0:<\/p>\n\n\n\n<h4 class=\"wp-block-heading\"><strong>Google\u00a0Analytics<\/strong><\/h4>\n\n\n\n<p>Nous utilisons Google Analytics pour analyser l&#039;utilisation du site Web. Les donn\u00e9es telles que l&#039;adresse IP, l&#039;URL de r\u00e9f\u00e9rence et le comportement de l&#039;utilisateur sont pseudonymis\u00e9es et trait\u00e9es aux \u00c9tats-Unis. Les adresses IP sont anonymis\u00e9es (masquage IP).<\/p>\n\n\n\n<p><strong>Base juridique\u00a0:<\/strong> Article 6, paragraphe 1, point f) du RGPD.<br><strong>Se d\u00e9sengager:<\/strong> Vous pouvez installer un module compl\u00e9mentaire de navigateur pour le d\u00e9sactiver : Google Opt-out.<\/p>\n\n\n\n<h3 class=\"wp-block-heading\"><strong>Droits des personnes concern\u00e9es<\/strong><\/h3>\n\n\n\n<p>Les personnes concern\u00e9es disposent des droits suivants :<\/p>\n\n\n\n<ul class=\"wp-block-list\">\n<li><strong>Acc\u00e9der<\/strong> aux donn\u00e9es stock\u00e9es (article 15 RGPD),<\/li>\n\n\n\n<li><strong>Rectification<\/strong> des donn\u00e9es inexactes (article 16 RGPD),<\/li>\n\n\n\n<li><strong>Effacement<\/strong> des donn\u00e9es (article 17 RGPD),<\/li>\n\n\n\n<li><strong>Limitation du traitement<\/strong> (Article 18 RGPD),<\/li>\n\n\n\n<li><strong>Portabilit\u00e9 des donn\u00e9es<\/strong> (Article 20 RGPD),<\/li>\n\n\n\n<li><strong>Objection<\/strong> \u00e0 traiter (article 21 du RGPD).<\/li>\n<\/ul>\n\n\n\n<p>Pour exercer vos droits, veuillez contacter datenschutz@4tiers.de.<\/p>\n\n\n\n<h3 class=\"wp-block-heading\"><strong>Divulgation de donn\u00e9es \u00e0 des tiers<\/strong><\/h3>\n\n\n\n<p>Les donn\u00e9es personnelles ne seront divulgu\u00e9es que si\u00a0:<\/p>\n\n\n\n<ul class=\"wp-block-list\">\n<li>Vous avez explicitement consenti (article 6, paragraphe 1, point a) du RGPD),<\/li>\n\n\n\n<li>Ceci est n\u00e9cessaire \u00e0 l\u2019ex\u00e9cution du contrat (article 6, paragraphe 1, point b) du RGPD),<\/li>\n\n\n\n<li>Il existe une obligation l\u00e9gale (article 6, paragraphe 1, point c) du RGPD),<\/li>\n\n\n\n<li>Des int\u00e9r\u00eats l\u00e9gitimes sont poursuivis (article 6, paragraphe 1, point f) du RGPD).<\/li>\n<\/ul>\n\n\n\n<p>Les transferts de donn\u00e9es vers des pays tiers n&#039;ont lieu que si des garanties appropri\u00e9es (EG, clauses contractuelles types de l&#039;UE) sont en place.<\/p>\n\n\n\n<h3 class=\"wp-block-heading\"><strong>Conservation des donn\u00e9es<\/strong><\/h3>\n\n\n\n<ul class=\"wp-block-list\">\n<li><strong>Fichiers journaux\u00a0:<\/strong> Supprim\u00e9 automatiquement apr\u00e8s 30 jours.<\/li>\n\n\n\n<li><strong>Donn\u00e9es de candidature\u00a0:<\/strong> Conserv\u00e9 jusqu&#039;\u00e0 6 mois en cas de refus\u00a0; en cas d&#039;emploi, les d\u00e9lais de conservation l\u00e9gaux s&#039;appliquent.<\/li>\n\n\n\n<li><strong>Cookies:<\/strong> Les cookies de session sont supprim\u00e9s \u00e0 la fermeture du navigateur ; cookies persistants apr\u00e8s 12 mois maximum.<\/li>\n<\/ul>\n\n\n\n<h3 class=\"wp-block-heading\"><strong>S\u00e9curit\u00e9 des donn\u00e9es<\/strong><\/h3>\n\n\n\n<p>Nous utilisons le cryptage SSL et des mesures techniques et organisationnelles pour prot\u00e9ger les donn\u00e9es contre tout acc\u00e8s non autoris\u00e9.<\/p>\n\n\n\n<h3 class=\"wp-block-heading\"><strong>Mises \u00e0 jour<\/strong><\/h3>\n\n\n\n<p>Cette politique de confidentialit\u00e9 est \u00e0 jour en d\u00e9cembre 2024. Nous nous r\u00e9servons le droit de la mettre \u00e0 jour si n\u00e9cessaire. La derni\u00e8re version est disponible sur notre site Internet.<\/p>","protected":false},"excerpt":{"rendered":"<p>Datenschutzerkl\u00e4rung der 4TIERS GmbH Verantwortlicher 4TIERS GmbHBirkenau 322087 HamburgE-Mail: datenschutz@4tiers.de Gesch\u00e4ftsf\u00fchrung: Dr.-Ing. Karim EsfahlaniRegistergericht: AG Hamburg HRB 164216 Datenverarbeitung und Zwecke 1. Besuch unserer Website Beim Besuch unserer Website werden automatisch Informationen durch den Browser an unseren Server gesendet und tempor\u00e4r in Logfiles gespeichert: Zweck: Rechtsgrundlage: Art. 6 Abs. 1 lit. f DSGVO (berechtigtes Interesse). [&hellip;]<\/p>\n","protected":false},"author":1,"featured_media":0,"parent":37,"menu_order":0,"comment_status":"closed","ping_status":"open","template":"","meta":{"saved_in_kubio":true,"footnotes":""},"class_list":["post-3","page","type-page","status-publish","hentry"],"kubio_ai_page_context":{"short_desc":"","purpose":"general"},"_links":{"self":[{"href":"https:\/\/4tiers.de\/fr\/wp-json\/wp\/v2\/pages\/3","targetHints":{"allow":["GET"]}}],"collection":[{"href":"https:\/\/4tiers.de\/fr\/wp-json\/wp\/v2\/pages"}],"about":[{"href":"https:\/\/4tiers.de\/fr\/wp-json\/wp\/v2\/types\/page"}],"author":[{"embeddable":true,"href":"https:\/\/4tiers.de\/fr\/wp-json\/wp\/v2\/users\/1"}],"replies":[{"embeddable":true,"href":"https:\/\/4tiers.de\/fr\/wp-json\/wp\/v2\/comments?post=3"}],"version-history":[{"count":9,"href":"https:\/\/4tiers.de\/fr\/wp-json\/wp\/v2\/pages\/3\/revisions"}],"predecessor-version":[{"id":866,"href":"https:\/\/4tiers.de\/fr\/wp-json\/wp\/v2\/pages\/3\/revisions\/866"}],"up":[{"embeddable":true,"href":"https:\/\/4tiers.de\/fr\/wp-json\/wp\/v2\/pages\/37"}],"wp:attachment":[{"href":"https:\/\/4tiers.de\/fr\/wp-json\/wp\/v2\/media?parent=3"}],"curies":[{"name":"wp","href":"https:\/\/api.w.org\/{rel}","templated":true}]}}