{"id":387,"date":"2024-12-16T10:27:27","date_gmt":"2024-12-16T10:27:27","guid":{"rendered":"http:\/\/4tiers.info\/?page_id=387"},"modified":"2025-04-02T07:00:24","modified_gmt":"2025-04-02T07:00:24","slug":"tests-en-anneau-emc","status":"publish","type":"page","link":"https:\/\/4tiers.de\/fr\/spezialisten-ringversuche-umweltsimulation\/ringversuche-emv\/","title":{"rendered":"Comparaisons interlaboratoires  de compatibilit\u00e9 \u00e9lectromagn\u00e9tique (CEM)"},"content":{"rendered":"<nav aria-label=\"fil d&#039;Ariane\" class=\"rank-math-breadcrumb\"><p><\/p><\/nav>","protected":false},"excerpt":{"rendered":"","protected":false},"author":2,"featured_media":925,"parent":14,"menu_order":0,"comment_status":"closed","ping_status":"closed","template":"","meta":{"saved_in_kubio":true,"footnotes":""},"class_list":["post-387","page","type-page","status-publish","has-post-thumbnail","hentry"],"kubio_ai_page_context":{"short_desc":"","purpose":"general"},"_links":{"self":[{"href":"https:\/\/4tiers.de\/fr\/wp-json\/wp\/v2\/pages\/387","targetHints":{"allow":["GET"]}}],"collection":[{"href":"https:\/\/4tiers.de\/fr\/wp-json\/wp\/v2\/pages"}],"about":[{"href":"https:\/\/4tiers.de\/fr\/wp-json\/wp\/v2\/types\/page"}],"author":[{"embeddable":true,"href":"https:\/\/4tiers.de\/fr\/wp-json\/wp\/v2\/users\/2"}],"replies":[{"embeddable":true,"href":"https:\/\/4tiers.de\/fr\/wp-json\/wp\/v2\/comments?post=387"}],"version-history":[{"count":20,"href":"https:\/\/4tiers.de\/fr\/wp-json\/wp\/v2\/pages\/387\/revisions"}],"predecessor-version":[{"id":1035,"href":"https:\/\/4tiers.de\/fr\/wp-json\/wp\/v2\/pages\/387\/revisions\/1035"}],"up":[{"embeddable":true,"href":"https:\/\/4tiers.de\/fr\/wp-json\/wp\/v2\/pages\/14"}],"wp:featuredmedia":[{"embeddable":true,"href":"https:\/\/4tiers.de\/fr\/wp-json\/wp\/v2\/media\/925"}],"wp:attachment":[{"href":"https:\/\/4tiers.de\/fr\/wp-json\/wp\/v2\/media?parent=387"}],"curies":[{"name":"wp","href":"https:\/\/api.w.org\/{rel}","templated":true}]}}